{"id":82,"date":"2014-08-06T21:39:49","date_gmt":"2014-08-06T19:39:49","guid":{"rendered":"http:\/\/www.obersdorf.at\/ffowp\/?page_id=82"},"modified":"2015-02-02T21:43:06","modified_gmt":"2015-02-02T21:43:06","slug":"feuerloescher","status":"publish","type":"page","link":"http:\/\/www.obersdorf.at\/feuerwehr\/brandschutztipps\/feuerloescher\/","title":{"rendered":"Die richtige Anwendung des Feuerl\u00f6schers"},"content":{"rendered":"<p>Etwa die H\u00e4lfte aller gemeldeten Brandf\u00e4lle werden noch vor dem Eintreffen der Feuerwehr von Privatpersonen gel\u00f6scht. Kenntnisse in der ersten L\u00f6schhilfe und der richtige Einsatz von Kleinl\u00f6schger\u00e4ten k\u00f6nnen in vielen F\u00e4llen das Entstehen von Gro\u00dfbr\u00e4nden verhindern.<\/p>\n<p><ul><b><\/p>\n<li>Immer Deckung nehmen!<\/li>\n<li>Auf Gef\u00e4hrdung durch Stichflamme und Wasserdampf achten!<\/li>\n<li>Bei Verqualmung am Boden kriechend vorgehen!<\/li>\n<li>Achten, dass der R\u00fcckzugsweg nicht abgeschnitten wird!<\/li>\n<li>In stark verqualmte R\u00e4ume darf nur unter Verwendung geeigneter Atemschutzger\u00e4te vorgedrungen werden!<\/li>\n<p><\/b><\/ul>\n<\/p>\n<p>Anhand unten stehender Illustrationen sehen Sie links die falsche und rechts die richtige Handhabung des Feuerl\u00f6schers im Ernstfall.<\/p>\n<table border=\"0\" width=\"100%\" cellspacing=\"0\" cellpadding=\"0\">\n<tbody>\n<tr>\n<td bgcolor=\"#FC0004\">\n<div align=\"center\"><span style=\"color: #FDFDFD\"><b>FALSCH<\/b><\/span><\/div>\n<\/td>\n<td bgcolor=\"#41ad49\">\n<div align=\"center\"><span style=\"color: #FDFDFD;\"><b>RICHTIG<\/b><\/span><\/div>\n<\/td>\n<\/tr>\n<tr>\n<td colspan=\"2\">\n<div align=\"center\"><img loading=\"lazy\" decoding=\"async\" src=\"http:\/\/www.obersdorf.at\/feuerwehr\/ffo-2015\/wp-content\/uploads\/2014\/08\/AFL_loeschen1.jpg\" alt=\"\" width=\"522\" height=\"100\" \/><\/div>\n<\/td>\n<\/tr>\n<tr>\n<td colspan=\"2\">\n<div align=\"center\"><img loading=\"lazy\" decoding=\"async\" src=\"http:\/\/www.obersdorf.at\/feuerwehr\/ffo-2015\/wp-content\/uploads\/2014\/08\/AFL_loeschen2.jpg\" alt=\"\" width=\"522\" height=\"100\" \/><\/div>\n<\/td>\n<\/tr>\n<tr>\n<td colspan=\"2\">\n<div align=\"center\"><img loading=\"lazy\" decoding=\"async\" src=\"http:\/\/www.obersdorf.at\/feuerwehr\/ffo-2015\/wp-content\/uploads\/2014\/08\/AFL_loeschen3.jpg\" alt=\"\" width=\"522\" height=\"98\" \/><\/div>\n<\/td>\n<\/tr>\n<tr>\n<td colspan=\"2\">\n<div align=\"center\"><img loading=\"lazy\" decoding=\"async\" src=\"http:\/\/www.obersdorf.at\/feuerwehr\/ffo-2015\/wp-content\/uploads\/2014\/08\/AFL_loeschen4.jpg\" alt=\"\" width=\"522\" height=\"98\" \/><\/div>\n<\/td>\n<\/tr>\n<tr>\n<td colspan=\"2\">\n<div align=\"center\"><img loading=\"lazy\" decoding=\"async\" src=\"http:\/\/www.obersdorf.at\/feuerwehr\/ffo-2015\/wp-content\/uploads\/2014\/08\/AFL_loeschen5.jpg\" alt=\"\" width=\"522\" height=\"100\" \/><\/div>\n<\/td>\n<\/tr>\n<tr>\n<td colspan=\"2\">\n<div align=\"center\"><img loading=\"lazy\" decoding=\"async\" src=\"http:\/\/www.obersdorf.at\/feuerwehr\/ffo-2015\/wp-content\/uploads\/2014\/08\/AFL_loeschen6.jpg\" alt=\"\" width=\"522\" height=\"98\" \/><\/div>\n<\/td>\n<\/tr>\n<\/tbody>\n<\/table>\n<p>\n","protected":false},"excerpt":{"rendered":"<p>Etwa die H\u00e4lfte aller gemeldeten Brandf\u00e4lle werden noch vor dem Eintreffen der Feuerwehr von Privatpersonen gel\u00f6scht. Kenntnisse in der ersten L\u00f6schhilfe und der richtige Einsatz von Kleinl\u00f6schger\u00e4ten k\u00f6nnen in vielen F\u00e4llen das Entstehen von Gro\u00dfbr\u00e4nden verhindern. Immer Deckung nehmen! Auf Gef\u00e4hrdung durch Stichflamme und Wasserdampf achten! Bei Verqualmung am Boden kriechend vorgehen! Achten, dass der [&hellip;]<\/p>\n","protected":false},"author":11,"featured_media":0,"parent":24,"menu_order":2,"comment_status":"closed","ping_status":"closed","template":"","meta":{"ngg_post_thumbnail":0,"_mc_calendar":[],"footnotes":""},"class_list":["post-82","page","type-page","status-publish","hentry"],"_links":{"self":[{"href":"http:\/\/www.obersdorf.at\/feuerwehr\/wp-json\/wp\/v2\/pages\/82","targetHints":{"allow":["GET"]}}],"collection":[{"href":"http:\/\/www.obersdorf.at\/feuerwehr\/wp-json\/wp\/v2\/pages"}],"about":[{"href":"http:\/\/www.obersdorf.at\/feuerwehr\/wp-json\/wp\/v2\/types\/page"}],"author":[{"embeddable":true,"href":"http:\/\/www.obersdorf.at\/feuerwehr\/wp-json\/wp\/v2\/users\/11"}],"replies":[{"embeddable":true,"href":"http:\/\/www.obersdorf.at\/feuerwehr\/wp-json\/wp\/v2\/comments?post=82"}],"version-history":[{"count":2,"href":"http:\/\/www.obersdorf.at\/feuerwehr\/wp-json\/wp\/v2\/pages\/82\/revisions"}],"predecessor-version":[{"id":1091,"href":"http:\/\/www.obersdorf.at\/feuerwehr\/wp-json\/wp\/v2\/pages\/82\/revisions\/1091"}],"up":[{"embeddable":true,"href":"http:\/\/www.obersdorf.at\/feuerwehr\/wp-json\/wp\/v2\/pages\/24"}],"wp:attachment":[{"href":"http:\/\/www.obersdorf.at\/feuerwehr\/wp-json\/wp\/v2\/media?parent=82"}],"curies":[{"name":"wp","href":"https:\/\/api.w.org\/{rel}","templated":true}]}}