{"id":5594,"date":"2025-10-03T18:40:25","date_gmt":"2025-10-03T18:40:25","guid":{"rendered":"https:\/\/www.obersdorf.at\/feuerwehr\/?page_id=5594"},"modified":"2025-10-03T19:51:47","modified_gmt":"2025-10-03T19:51:47","slug":"mitglied-werden","status":"publish","type":"page","link":"http:\/\/www.obersdorf.at\/feuerwehr\/mitglied-werden\/","title":{"rendered":"Mitglied werden"},"content":{"rendered":"<p><a href=\"http:\/\/www.obersdorf.at\/feuerwehr\/ffo-2015\/wp-content\/uploads\/2025\/10\/L7A3191_text.jpg\"><img loading=\"lazy\" decoding=\"async\" class=\"aligncenter wp-image-5606 size-large\" src=\"http:\/\/www.obersdorf.at\/feuerwehr\/ffo-2015\/wp-content\/uploads\/2025\/10\/L7A3191_text-1024x683.jpg\" alt=\"\" width=\"640\" height=\"427\" srcset=\"http:\/\/www.obersdorf.at\/feuerwehr\/ffo-2015\/wp-content\/uploads\/2025\/10\/L7A3191_text-1024x683.jpg 1024w, http:\/\/www.obersdorf.at\/feuerwehr\/ffo-2015\/wp-content\/uploads\/2025\/10\/L7A3191_text-300x200.jpg 300w, http:\/\/www.obersdorf.at\/feuerwehr\/ffo-2015\/wp-content\/uploads\/2025\/10\/L7A3191_text-768x512.jpg 768w, http:\/\/www.obersdorf.at\/feuerwehr\/ffo-2015\/wp-content\/uploads\/2025\/10\/L7A3191_text-1536x1025.jpg 1536w, http:\/\/www.obersdorf.at\/feuerwehr\/ffo-2015\/wp-content\/uploads\/2025\/10\/L7A3191_text.jpg 1920w\" sizes=\"auto, (max-width: 640px) 100vw, 640px\" \/><\/a><\/p>\n<p style=\"text-align: center;\"><strong>Komm zu uns!<\/strong><\/p>\n<p style=\"text-align: center;\">Du m\u00f6chtest deinen Mitmenschen in Notsituationen helfen?<br \/>\nDu bist zwischen 16 und 65 Jahren?<br \/>\nDu interessierst dich f\u00fcr die Freiwillige Feuerwehr?&nbsp;<\/p>\n<p>Dann komm zu uns in die Freiwillige Feuerwehr Obersdorf und unterst\u00fctze deine Gemeinde, wenn sie dich am meisten braucht.<\/p>\n<p>Wir sind stets auf der Suche nach neuen Kameradinnen und Kameraden, egal ob es sich um erfahrene Neuank\u00f6mmlinge im Ort handelt oder um interessierte Quereinsteiger.<\/p>\n<p>&nbsp;<\/p>\n<p><strong><span class=\"fui-Persona__primaryText rvj41k9 WdmYE ___s760pq0 fk6fouc fod5ikn fl43uef faaz57k\">Wenn wir dein Interesse wecken konnten dann melde dich einfach bei obersdorf@feuerwehr.gv.at.&nbsp;<\/span><\/strong><\/p>\n","protected":false},"excerpt":{"rendered":"<p>Komm zu uns! Du m\u00f6chtest deinen Mitmenschen in Notsituationen helfen? Du bist zwischen 16 und 65 Jahren? Du interessierst dich f\u00fcr die Freiwillige Feuerwehr?&nbsp; Dann komm zu uns in die Freiwillige Feuerwehr Obersdorf und unterst\u00fctze deine Gemeinde, wenn sie dich am meisten braucht. Wir sind stets auf der Suche nach neuen Kameradinnen und Kameraden, egal [&hellip;]<\/p>\n","protected":false},"author":2,"featured_media":0,"parent":0,"menu_order":0,"comment_status":"closed","ping_status":"closed","template":"","meta":{"ngg_post_thumbnail":0,"_mc_calendar":[],"footnotes":""},"class_list":["post-5594","page","type-page","status-publish","hentry"],"_links":{"self":[{"href":"http:\/\/www.obersdorf.at\/feuerwehr\/wp-json\/wp\/v2\/pages\/5594","targetHints":{"allow":["GET"]}}],"collection":[{"href":"http:\/\/www.obersdorf.at\/feuerwehr\/wp-json\/wp\/v2\/pages"}],"about":[{"href":"http:\/\/www.obersdorf.at\/feuerwehr\/wp-json\/wp\/v2\/types\/page"}],"author":[{"embeddable":true,"href":"http:\/\/www.obersdorf.at\/feuerwehr\/wp-json\/wp\/v2\/users\/2"}],"replies":[{"embeddable":true,"href":"http:\/\/www.obersdorf.at\/feuerwehr\/wp-json\/wp\/v2\/comments?post=5594"}],"version-history":[{"count":13,"href":"http:\/\/www.obersdorf.at\/feuerwehr\/wp-json\/wp\/v2\/pages\/5594\/revisions"}],"predecessor-version":[{"id":5612,"href":"http:\/\/www.obersdorf.at\/feuerwehr\/wp-json\/wp\/v2\/pages\/5594\/revisions\/5612"}],"wp:attachment":[{"href":"http:\/\/www.obersdorf.at\/feuerwehr\/wp-json\/wp\/v2\/media?parent=5594"}],"curies":[{"name":"wp","href":"https:\/\/api.w.org\/{rel}","templated":true}]}}