{"id":5297,"date":"2025-10-03T18:24:38","date_gmt":"2025-10-03T18:24:38","guid":{"rendered":"https:\/\/www.obersdorf.at\/feuerwehr\/?page_id=5297"},"modified":"2025-10-04T11:09:37","modified_gmt":"2025-10-04T11:09:37","slug":"spenden","status":"publish","type":"page","link":"http:\/\/www.obersdorf.at\/feuerwehr\/spenden\/","title":{"rendered":"Spenden"},"content":{"rendered":"<p><strong>Vielen Dank f\u00fcr Ihre Spendenbereitschaft!<\/strong><\/p>\n<p>Mit Ihrer Unterst\u00fctzung k\u00f6nnen wir stets modernes Equipment anschaffen und bleiben somit am neuesten Stand der Technik. So k\u00f6nnen wir auch in Zukunft f\u00fcr die Sicherheit der Obersdorfer Bev\u00f6lkerung sorgen.<br \/>\nUm an die Freiwillige Feuerwehr Obersdorf zu spenden haben Sie 2 M\u00f6glichkeiten:<\/p>\n<ol>\n<li>&nbsp;Spenden per \u00dcberweisung (online oder Erlagschein)<br \/>\nVerwenden Sie dazu bitte folgende Kontodaten:&nbsp;Freiwillige Feuerwehr Obersdorf IBAN:<br \/>\nAT51 4300 0300 2045 0109<br \/>\nBIC: VBOEATWW<br \/>\nNicht vergessen:<br \/>\nTragen Sie jedenfalls Vorname, Nachname und Geburtsdatum beim Verwendungszweck ein, nur so kann Ihre Spende im Zuge der Arbeitnehmerveranlagung (&#8222;Steuerausgleich&#8220;) automatisch ber\u00fccksichtigt werden!<\/li>\n<li>Spenden per QR-Code:<br \/>\n&#8211; \u00d6ffnen Sie Ihre Banking-App<br \/>\n&#8211; Erstellen Sie eine neuen Auftrag<br \/>\n&#8211; Scannen Sie den QR-Code<br \/>\n&#8211; Tragen Sie im Verwendungszweck ihren Vor- und Nachnamen ein um einen &#8222;automatischen&#8220; Steuerausgleich zu erhalten (siehe Hinweis oben)&nbsp;<br \/>\n&#8211; Spenden Sie an die Freiwillige Feuerwehr Obersdorf<br \/>\n<a href=\"http:\/\/www.obersdorf.at\/feuerwehr\/ffo-2015\/wp-content\/uploads\/2025\/10\/Spenden-QR-Code.jpg\"><img loading=\"lazy\" decoding=\"async\" class=\"alignnone size-thumbnail wp-image-5617\" src=\"http:\/\/www.obersdorf.at\/feuerwehr\/ffo-2015\/wp-content\/uploads\/2025\/10\/Spenden-QR-Code-150x150.jpg\" alt=\"\" width=\"150\" height=\"150\" srcset=\"http:\/\/www.obersdorf.at\/feuerwehr\/ffo-2015\/wp-content\/uploads\/2025\/10\/Spenden-QR-Code-150x150.jpg 150w, http:\/\/www.obersdorf.at\/feuerwehr\/ffo-2015\/wp-content\/uploads\/2025\/10\/Spenden-QR-Code.jpg 259w\" sizes=\"auto, (max-width: 150px) 100vw, 150px\" \/><\/a><\/li>\n<\/ol>\n<p>&nbsp;<\/p>\n<p><strong>Mit Ihrer Spende erm\u00f6glichen Sie uns, unsere Mitglieder wirkungsvoll zu sch\u00fctzen \u2013 und tragen damit auch zu Ihrer eigenen Sicherheit bei.<\/strong><\/p>\n<p><strong>Danke f\u00fcr Ihre Unterst\u00fctzung!&nbsp;<\/strong><\/p>\n","protected":false},"excerpt":{"rendered":"<p>Vielen Dank f\u00fcr Ihre Spendenbereitschaft! Mit Ihrer Unterst\u00fctzung k\u00f6nnen wir stets modernes Equipment anschaffen und bleiben somit am neuesten Stand der Technik. So k\u00f6nnen wir auch in Zukunft f\u00fcr die Sicherheit der Obersdorfer Bev\u00f6lkerung sorgen. Um an die Freiwillige Feuerwehr Obersdorf zu spenden haben Sie 2 M\u00f6glichkeiten: &nbsp;Spenden per \u00dcberweisung (online oder Erlagschein) Verwenden Sie [&hellip;]<\/p>\n","protected":false},"author":14,"featured_media":0,"parent":0,"menu_order":6,"comment_status":"closed","ping_status":"closed","template":"","meta":{"ngg_post_thumbnail":0,"_mc_calendar":[],"footnotes":""},"class_list":["post-5297","page","type-page","status-publish","hentry"],"_links":{"self":[{"href":"http:\/\/www.obersdorf.at\/feuerwehr\/wp-json\/wp\/v2\/pages\/5297","targetHints":{"allow":["GET"]}}],"collection":[{"href":"http:\/\/www.obersdorf.at\/feuerwehr\/wp-json\/wp\/v2\/pages"}],"about":[{"href":"http:\/\/www.obersdorf.at\/feuerwehr\/wp-json\/wp\/v2\/types\/page"}],"author":[{"embeddable":true,"href":"http:\/\/www.obersdorf.at\/feuerwehr\/wp-json\/wp\/v2\/users\/14"}],"replies":[{"embeddable":true,"href":"http:\/\/www.obersdorf.at\/feuerwehr\/wp-json\/wp\/v2\/comments?post=5297"}],"version-history":[{"count":9,"href":"http:\/\/www.obersdorf.at\/feuerwehr\/wp-json\/wp\/v2\/pages\/5297\/revisions"}],"predecessor-version":[{"id":5618,"href":"http:\/\/www.obersdorf.at\/feuerwehr\/wp-json\/wp\/v2\/pages\/5297\/revisions\/5618"}],"wp:attachment":[{"href":"http:\/\/www.obersdorf.at\/feuerwehr\/wp-json\/wp\/v2\/media?parent=5297"}],"curies":[{"name":"wp","href":"https:\/\/api.w.org\/{rel}","templated":true}]}}