{"id":507,"date":"2014-11-14T14:14:23","date_gmt":"2014-11-14T12:14:23","guid":{"rendered":"http:\/\/www.obersdorf.at\/ffowp\/?page_id=507"},"modified":"2015-02-04T21:50:02","modified_gmt":"2015-02-04T21:50:02","slug":"vom-zeughaus-zum-feuerwehrhaus-1980","status":"publish","type":"page","link":"http:\/\/www.obersdorf.at\/feuerwehr\/ueber-uns\/feuerwehrhaus\/vom-zeughaus-zum-feuerwehrhaus-1980\/","title":{"rendered":"Vom Zeughaus zum Feuerwehrhaus"},"content":{"rendered":"<figure id=\"attachment_675\" aria-describedby=\"caption-attachment-675\" style=\"width: 800px\" class=\"wp-caption alignnone\"><a href=\"http:\/\/www.obersdorf.at\/feuerwehr\/ffo-2015\/wp-content\/uploads\/2014\/11\/FFHaus_Zeughaus_M.jpg\"><img loading=\"lazy\" decoding=\"async\" class=\"wp-image-675 size-full\" src=\"http:\/\/www.obersdorf.at\/feuerwehr\/ffo-2015\/wp-content\/uploads\/2014\/11\/FFHaus_Zeughaus_M.jpg\" alt=\"Zeughaus der FFO 1980\" width=\"800\" height=\"534\" srcset=\"http:\/\/www.obersdorf.at\/feuerwehr\/ffo-2015\/wp-content\/uploads\/2014\/11\/FFHaus_Zeughaus_M.jpg 800w, http:\/\/www.obersdorf.at\/feuerwehr\/ffo-2015\/wp-content\/uploads\/2014\/11\/FFHaus_Zeughaus_M-300x200.jpg 300w\" sizes=\"auto, (max-width: 800px) 100vw, 800px\" \/><\/a><figcaption id=\"caption-attachment-675\" class=\"wp-caption-text\">Das Zeughaus der Freiwilligen Feuerwehr Obersdorf vor dem Umbau 1980<\/figcaption><\/figure>\n<h4>Der Ausbau des Zeughauses zum Feuerwehrhaus 1981-1984<\/h4>\n<p>Schon <strong>1979<\/strong> wurde \u00fcber die <strong>Erweiterung des Feuerwehrdepots<\/strong> diskutiert. Nach verschiedensten Vorschl\u00e4gen wurde in der Mitgliederversammlung vom 21.11.1980 mit gro\u00dfer Mehrheit die gew\u00e4hlte Ausf\u00fchrung beschlossen. Die Feuerwehrm\u00e4nner waren der einhelligen Meinung, &#8222;wenn schon Bauen, dann der jetzigen Zeit entsprechend, und so wie in Obersdorf \u00fcblich, in Eigenregie&#8220;. In den vom Bundesfeuerwehrverband herausgegebenen <em>&#8222;Baurichtlinien f\u00fcr Feuerwehrh\u00e4user&#8220;<\/em> ist festgehalten, da\u00df Fahrzeuge und Ger\u00e4te sachgem\u00e4\u00df und m\u00f6glichst praktisch untergebracht werden sollen. Weiters mu\u00df im zuk\u00fcnftigen &#8222;Feuerwehrhaus&#8220; (fr\u00fcher: &#8222;Ger\u00e4tehaus&#8220; oder &#8222;Depot&#8220;) Raum f\u00fcr die dort arbeitenden Menschen geboten werden, denn Schulungsr\u00e4ume, Toiletteanlagen, B\u00fcros usw. werden immer mehr als Notwendigkeit empfunden.<\/p>\n<p>Am <strong>1. April 1981<\/strong> war Baubeginn. Im ersten Baujahr wurde das Dach vom ehemaligen Feuerwehrdepot abgetragen und der Rohbau sowie das Dach des neuen Feuerwehrhauses weitestgehend fertiggestellt. Die Herstellung der Decke bzw. der Toreinfahrten erforderte gr\u00f6\u00dften Arbeitsaufwand. 150 vier Meter lange Holzsteher mu\u00dften aufgestellt, 180 Quadratmeter Decke verlegt und betoniert werden (l\u00e4ngster Stahlbetontr\u00e4ger 10,80 m).<\/p>\n<p><strong>1982<\/strong> wurden die Trennw\u00e4nde aufgestellt, die Installationsarbeiten sowie der Einbau der Tore und der Grobputz durchgef\u00fchrt.<\/p>\n<p>Die Innenausbauarbeiten sowie die Pflasterung des Vorplatzes konnten noch 1983 durchgef\u00fchrt werden.<\/p>\n<p><strong>1984<\/strong> wurden die Arbeiten abgeschlossen.<\/p>\n<p>Von den insgesamt <strong>6500 freiwillig geleisteten Arbeitsstunden<\/strong> entfallen 600 Stunden auf Nichtmitglieder und 5900 Stunden auf Feuerwehrm\u00e4nner.<\/p>\n<h5>Bauen in Eigenregie: Vom Depot zum Feuerwehrhaus\u00a0\n<div class=\"ngg-galleryoverview caption-view\n ngg-ajax-pagination-none\"\n\tid=\"ngg-gallery-21f5609f2cd5acd5dbaaa90d383827c8-1\">\n\n\t<div class=\"ngg-caption-view-wrapper\">\n\t\t\t\t\t\t\t\t\t\t<div id=\"ngg-image-0\" class=\"ngg-gallery-thumbnail-box\n\t\t\t\t\t\t\t\t\t\t\t\t\t\t\t\"\n\t\t\t\t\t>\n\t\t\t\t\t\t\t\t\t\t\t\t\t<div class=\"ngg-gallery-thumbnail\">\n\t\t\t\t\t\t\t\t<a href=\"http:\/\/www.obersdorf.at\/feuerwehr\/ffo-2015\/wp-content\/gallery\/ffhaus-bau-1_m\/FFHaus_Zeughaus_M.jpg\"\n\t\t\t\t\t\t\t\t\ttitle=\"\"\n\t\t\t\t\t\t\t\t\tdata-src=\"http:\/\/www.obersdorf.at\/feuerwehr\/ffo-2015\/wp-content\/gallery\/ffhaus-bau-1_m\/FFHaus_Zeughaus_M.jpg\"\n\t\t\t\t\t\t\t\t\tdata-thumbnail=\"http:\/\/www.obersdorf.at\/feuerwehr\/ffo-2015\/wp-content\/gallery\/ffhaus-bau-1_m\/thumbs\/thumbs_FFHaus_Zeughaus_M.jpg\"\n\t\t\t\t\t\t\t\t\tdata-image-id=\"54\"\n\t\t\t\t\t\t\t\t\tdata-title=\"FFHaus_Zeughaus_1980\"\n\t\t\t\t\t\t\t\t\tdata-description=\"\"\n\t\t\t\t\t\t\t\t\tdata-image-slug=\"ffhaus_zeughaus_m\"\n\t\t\t\t\t\t\t\t\t\t\t\t\t\t\t\t\t\t\t\t\t\t\t\t\t\t\t\t\t\t\t\t\t\t\t\t\n\t\t\t\t\t\t\t\t\tclass=\"ngg-fancybox\" rel=\"21f5609f2cd5acd5dbaaa90d383827c8\">\n\t\t\t\t\t\t\t\t\t\t\t\t\t\t\t\t\t\t<img title=\"FFHaus_Zeughaus_1980\"\n\t\t\t\t\t\t\t\t\t\talt=\"FFHaus_Zeughaus_1980\"\n\t\t\t\t\t\t\t\t\t\tsrc=\"http:\/\/www.obersdorf.at\/feuerwehr\/ffo-2015\/wp-content\/gallery\/ffhaus-bau-1_m\/thumbs\/thumbs_FFHaus_Zeughaus_M.jpg\"\n\t\t\t\t\t\t\t\t\t\twidth=\"200\"\n\t\t\t\t\t\t\t\t\t\theight=\"134\"\n\t\t\t\t\t\t\t\t\t\tstyle=\"max-width:100%;\"\/>\n\t\t\t\t\t\t\t\t<\/a>\n\t\t\t\t\t\t\t\t\t\t\t\t\t\t\t\t\t<span style=\"max-width: 200px\">\n\t\t\t\t\t\t\t\t\t\t\t\t\t\t\t\t\t\t\t<\/span>\n\t\t\t\t\t\t\t\t\t\t\t\t\t\t\t<\/div>\n\t\t\t\t\t\t\t\t\t\t\t<\/div>\n\t\t\t\t\t\t\t\t\t\t\t\t<div id=\"ngg-image-1\" class=\"ngg-gallery-thumbnail-box\n\t\t\t\t\t\t\t\t\t\t\t\t\t\t\t\"\n\t\t\t\t\t>\n\t\t\t\t\t\t\t\t\t\t\t\t\t<div class=\"ngg-gallery-thumbnail\">\n\t\t\t\t\t\t\t\t<a href=\"http:\/\/www.obersdorf.at\/feuerwehr\/ffo-2015\/wp-content\/gallery\/ffhaus-bau-1_m\/FFHaus_Bau_1981_M.jpg\"\n\t\t\t\t\t\t\t\t\ttitle=\"\"\n\t\t\t\t\t\t\t\t\tdata-src=\"http:\/\/www.obersdorf.at\/feuerwehr\/ffo-2015\/wp-content\/gallery\/ffhaus-bau-1_m\/FFHaus_Bau_1981_M.jpg\"\n\t\t\t\t\t\t\t\t\tdata-thumbnail=\"http:\/\/www.obersdorf.at\/feuerwehr\/ffo-2015\/wp-content\/gallery\/ffhaus-bau-1_m\/thumbs\/thumbs_FFHaus_Bau_1981_M.jpg\"\n\t\t\t\t\t\t\t\t\tdata-image-id=\"51\"\n\t\t\t\t\t\t\t\t\tdata-title=\"FFHaus_Bau_1981\"\n\t\t\t\t\t\t\t\t\tdata-description=\"\"\n\t\t\t\t\t\t\t\t\tdata-image-slug=\"ffhaus_bau_1981_m\"\n\t\t\t\t\t\t\t\t\t\t\t\t\t\t\t\t\t\t\t\t\t\t\t\t\t\t\t\t\t\t\t\t\t\t\t\t\n\t\t\t\t\t\t\t\t\tclass=\"ngg-fancybox\" rel=\"21f5609f2cd5acd5dbaaa90d383827c8\">\n\t\t\t\t\t\t\t\t\t\t\t\t\t\t\t\t\t\t<img title=\"FFHaus_Bau_1981\"\n\t\t\t\t\t\t\t\t\t\talt=\"FFHaus_Bau_1981\"\n\t\t\t\t\t\t\t\t\t\tsrc=\"http:\/\/www.obersdorf.at\/feuerwehr\/ffo-2015\/wp-content\/gallery\/ffhaus-bau-1_m\/thumbs\/thumbs_FFHaus_Bau_1981_M.jpg\"\n\t\t\t\t\t\t\t\t\t\twidth=\"147\"\n\t\t\t\t\t\t\t\t\t\theight=\"200\"\n\t\t\t\t\t\t\t\t\t\tstyle=\"max-width:100%;\"\/>\n\t\t\t\t\t\t\t\t<\/a>\n\t\t\t\t\t\t\t\t\t\t\t\t\t\t\t\t\t<span style=\"max-width: 147px\">\n\t\t\t\t\t\t\t\t\t\t\t\t\t\t\t\t\t\t\t<\/span>\n\t\t\t\t\t\t\t\t\t\t\t\t\t\t\t<\/div>\n\t\t\t\t\t\t\t\t\t\t\t<\/div>\n\t\t\t\t\t\t\t\t\t\t\t\t<div id=\"ngg-image-2\" class=\"ngg-gallery-thumbnail-box\n\t\t\t\t\t\t\t\t\t\t\t\t\t\t\t\"\n\t\t\t\t\t>\n\t\t\t\t\t\t\t\t\t\t\t\t\t<div class=\"ngg-gallery-thumbnail\">\n\t\t\t\t\t\t\t\t<a href=\"http:\/\/www.obersdorf.at\/feuerwehr\/ffo-2015\/wp-content\/gallery\/ffhaus-bau-1_m\/FFHaus_Bau_1983_M.jpg\"\n\t\t\t\t\t\t\t\t\ttitle=\"\"\n\t\t\t\t\t\t\t\t\tdata-src=\"http:\/\/www.obersdorf.at\/feuerwehr\/ffo-2015\/wp-content\/gallery\/ffhaus-bau-1_m\/FFHaus_Bau_1983_M.jpg\"\n\t\t\t\t\t\t\t\t\tdata-thumbnail=\"http:\/\/www.obersdorf.at\/feuerwehr\/ffo-2015\/wp-content\/gallery\/ffhaus-bau-1_m\/thumbs\/thumbs_FFHaus_Bau_1983_M.jpg\"\n\t\t\t\t\t\t\t\t\tdata-image-id=\"52\"\n\t\t\t\t\t\t\t\t\tdata-title=\"FFHaus_Bau_1983\"\n\t\t\t\t\t\t\t\t\tdata-description=\"\"\n\t\t\t\t\t\t\t\t\tdata-image-slug=\"ffhaus_bau_1983_m\"\n\t\t\t\t\t\t\t\t\t\t\t\t\t\t\t\t\t\t\t\t\t\t\t\t\t\t\t\t\t\t\t\t\t\t\t\t\n\t\t\t\t\t\t\t\t\tclass=\"ngg-fancybox\" rel=\"21f5609f2cd5acd5dbaaa90d383827c8\">\n\t\t\t\t\t\t\t\t\t\t\t\t\t\t\t\t\t\t<img title=\"FFHaus_Bau_1983\"\n\t\t\t\t\t\t\t\t\t\talt=\"FFHaus_Bau_1983\"\n\t\t\t\t\t\t\t\t\t\tsrc=\"http:\/\/www.obersdorf.at\/feuerwehr\/ffo-2015\/wp-content\/gallery\/ffhaus-bau-1_m\/thumbs\/thumbs_FFHaus_Bau_1983_M.jpg\"\n\t\t\t\t\t\t\t\t\t\twidth=\"200\"\n\t\t\t\t\t\t\t\t\t\theight=\"110\"\n\t\t\t\t\t\t\t\t\t\tstyle=\"max-width:100%;\"\/>\n\t\t\t\t\t\t\t\t<\/a>\n\t\t\t\t\t\t\t\t\t\t\t\t\t\t\t\t\t<span style=\"max-width: 200px\">\n\t\t\t\t\t\t\t\t\t\t\t\t\t\t\t\t\t\t\t<\/span>\n\t\t\t\t\t\t\t\t\t\t\t\t\t\t\t<\/div>\n\t\t\t\t\t\t\t\t\t\t\t<\/div>\n\t\t\t\t\t\t\t\t\t\t\t\t<div id=\"ngg-image-3\" class=\"ngg-gallery-thumbnail-box\n\t\t\t\t\t\t\t\t\t\t\t\t\t\t\t\"\n\t\t\t\t\t>\n\t\t\t\t\t\t\t\t\t\t\t\t\t<div class=\"ngg-gallery-thumbnail\">\n\t\t\t\t\t\t\t\t<a href=\"http:\/\/www.obersdorf.at\/feuerwehr\/ffo-2015\/wp-content\/gallery\/ffhaus-bau-1_m\/FFHaus_Bau_1984_M.jpg\"\n\t\t\t\t\t\t\t\t\ttitle=\"\"\n\t\t\t\t\t\t\t\t\tdata-src=\"http:\/\/www.obersdorf.at\/feuerwehr\/ffo-2015\/wp-content\/gallery\/ffhaus-bau-1_m\/FFHaus_Bau_1984_M.jpg\"\n\t\t\t\t\t\t\t\t\tdata-thumbnail=\"http:\/\/www.obersdorf.at\/feuerwehr\/ffo-2015\/wp-content\/gallery\/ffhaus-bau-1_m\/thumbs\/thumbs_FFHaus_Bau_1984_M.jpg\"\n\t\t\t\t\t\t\t\t\tdata-image-id=\"53\"\n\t\t\t\t\t\t\t\t\tdata-title=\"FFHaus_Bau_1984\"\n\t\t\t\t\t\t\t\t\tdata-description=\"\"\n\t\t\t\t\t\t\t\t\tdata-image-slug=\"ffhaus_bau_1984_m\"\n\t\t\t\t\t\t\t\t\t\t\t\t\t\t\t\t\t\t\t\t\t\t\t\t\t\t\t\t\t\t\t\t\t\t\t\t\n\t\t\t\t\t\t\t\t\tclass=\"ngg-fancybox\" rel=\"21f5609f2cd5acd5dbaaa90d383827c8\">\n\t\t\t\t\t\t\t\t\t\t\t\t\t\t\t\t\t\t<img title=\"FFHaus_Bau_1984\"\n\t\t\t\t\t\t\t\t\t\talt=\"FFHaus_Bau_1984\"\n\t\t\t\t\t\t\t\t\t\tsrc=\"http:\/\/www.obersdorf.at\/feuerwehr\/ffo-2015\/wp-content\/gallery\/ffhaus-bau-1_m\/thumbs\/thumbs_FFHaus_Bau_1984_M.jpg\"\n\t\t\t\t\t\t\t\t\t\twidth=\"200\"\n\t\t\t\t\t\t\t\t\t\theight=\"113\"\n\t\t\t\t\t\t\t\t\t\tstyle=\"max-width:100%;\"\/>\n\t\t\t\t\t\t\t\t<\/a>\n\t\t\t\t\t\t\t\t\t\t\t\t\t\t\t\t\t<span style=\"max-width: 200px\">\n\t\t\t\t\t\t\t\t\t\t\t\t\t\t\t\t\t\t\t<\/span>\n\t\t\t\t\t\t\t\t\t\t\t\t\t\t\t<\/div>\n\t\t\t\t\t\t\t\t\t\t\t<\/div>\n\t\t\t\t\t\t\t\t\t\t\t\t<div id=\"ngg-image-4\" class=\"ngg-gallery-thumbnail-box\n\t\t\t\t\t\t\t\t\t\t\t\t\t\t\t\"\n\t\t\t\t\t>\n\t\t\t\t\t\t\t\t\t\t\t\t\t<div class=\"ngg-gallery-thumbnail\">\n\t\t\t\t\t\t\t\t<a href=\"http:\/\/www.obersdorf.at\/feuerwehr\/ffo-2015\/wp-content\/gallery\/ffhaus-bau-1_m\/FFHaus_1984-sw_M.jpg\"\n\t\t\t\t\t\t\t\t\ttitle=\"\"\n\t\t\t\t\t\t\t\t\tdata-src=\"http:\/\/www.obersdorf.at\/feuerwehr\/ffo-2015\/wp-content\/gallery\/ffhaus-bau-1_m\/FFHaus_1984-sw_M.jpg\"\n\t\t\t\t\t\t\t\t\tdata-thumbnail=\"http:\/\/www.obersdorf.at\/feuerwehr\/ffo-2015\/wp-content\/gallery\/ffhaus-bau-1_m\/thumbs\/thumbs_FFHaus_1984-sw_M.jpg\"\n\t\t\t\t\t\t\t\t\tdata-image-id=\"50\"\n\t\t\t\t\t\t\t\t\tdata-title=\"FFHaus_1984-sw\"\n\t\t\t\t\t\t\t\t\tdata-description=\"\"\n\t\t\t\t\t\t\t\t\tdata-image-slug=\"ffhaus_1984-sw_m\"\n\t\t\t\t\t\t\t\t\t\t\t\t\t\t\t\t\t\t\t\t\t\t\t\t\t\t\t\t\t\t\t\t\t\t\t\t\n\t\t\t\t\t\t\t\t\tclass=\"ngg-fancybox\" rel=\"21f5609f2cd5acd5dbaaa90d383827c8\">\n\t\t\t\t\t\t\t\t\t\t\t\t\t\t\t\t\t\t<img title=\"FFHaus_1984-sw\"\n\t\t\t\t\t\t\t\t\t\talt=\"FFHaus_1984-sw\"\n\t\t\t\t\t\t\t\t\t\tsrc=\"http:\/\/www.obersdorf.at\/feuerwehr\/ffo-2015\/wp-content\/gallery\/ffhaus-bau-1_m\/thumbs\/thumbs_FFHaus_1984-sw_M.jpg\"\n\t\t\t\t\t\t\t\t\t\twidth=\"200\"\n\t\t\t\t\t\t\t\t\t\theight=\"124\"\n\t\t\t\t\t\t\t\t\t\tstyle=\"max-width:100%;\"\/>\n\t\t\t\t\t\t\t\t<\/a>\n\t\t\t\t\t\t\t\t\t\t\t\t\t\t\t\t\t<span style=\"max-width: 200px\">\n\t\t\t\t\t\t\t\t\t\t\t\t\t\t\t\t\t\t\t<\/span>\n\t\t\t\t\t\t\t\t\t\t\t\t\t\t\t<\/div>\n\t\t\t\t\t\t\t\t\t\t\t<\/div>\n\t\t\t\t\t\t\t\t\t\t<\/div>\n\n\t\n\t\t\t<div class='ngg-clear'><\/div>\t<\/div>\n\n<\/h5>\n","protected":false},"excerpt":{"rendered":"<p>Der Ausbau des Zeughauses zum Feuerwehrhaus 1981-1984 Schon 1979 wurde \u00fcber die Erweiterung des Feuerwehrdepots diskutiert. Nach verschiedensten Vorschl\u00e4gen wurde in der Mitgliederversammlung vom 21.11.1980 mit gro\u00dfer Mehrheit die gew\u00e4hlte Ausf\u00fchrung beschlossen. Die Feuerwehrm\u00e4nner waren der einhelligen Meinung, &#8222;wenn schon Bauen, dann der jetzigen Zeit entsprechend, und so wie in Obersdorf \u00fcblich, in Eigenregie&#8220;. In [&hellip;]<\/p>\n","protected":false},"author":11,"featured_media":0,"parent":100,"menu_order":1,"comment_status":"closed","ping_status":"closed","template":"","meta":{"ngg_post_thumbnail":0,"_mc_calendar":[],"footnotes":""},"class_list":["post-507","page","type-page","status-publish","hentry"],"_links":{"self":[{"href":"http:\/\/www.obersdorf.at\/feuerwehr\/wp-json\/wp\/v2\/pages\/507","targetHints":{"allow":["GET"]}}],"collection":[{"href":"http:\/\/www.obersdorf.at\/feuerwehr\/wp-json\/wp\/v2\/pages"}],"about":[{"href":"http:\/\/www.obersdorf.at\/feuerwehr\/wp-json\/wp\/v2\/types\/page"}],"author":[{"embeddable":true,"href":"http:\/\/www.obersdorf.at\/feuerwehr\/wp-json\/wp\/v2\/users\/11"}],"replies":[{"embeddable":true,"href":"http:\/\/www.obersdorf.at\/feuerwehr\/wp-json\/wp\/v2\/comments?post=507"}],"version-history":[{"count":4,"href":"http:\/\/www.obersdorf.at\/feuerwehr\/wp-json\/wp\/v2\/pages\/507\/revisions"}],"predecessor-version":[{"id":1120,"href":"http:\/\/www.obersdorf.at\/feuerwehr\/wp-json\/wp\/v2\/pages\/507\/revisions\/1120"}],"up":[{"embeddable":true,"href":"http:\/\/www.obersdorf.at\/feuerwehr\/wp-json\/wp\/v2\/pages\/100"}],"wp:attachment":[{"href":"http:\/\/www.obersdorf.at\/feuerwehr\/wp-json\/wp\/v2\/media?parent=507"}],"curies":[{"name":"wp","href":"https:\/\/api.w.org\/{rel}","templated":true}]}}