{"id":24,"date":"2014-08-06T19:54:33","date_gmt":"2014-08-06T17:54:33","guid":{"rendered":"http:\/\/www.obersdorf.at\/ffowp\/?page_id=24"},"modified":"2015-02-02T21:34:01","modified_gmt":"2015-02-02T21:34:01","slug":"brandschutztipps","status":"publish","type":"page","link":"http:\/\/www.obersdorf.at\/feuerwehr\/brandschutztipps\/","title":{"rendered":"Brandschutztipps"},"content":{"rendered":"<p>Tipps im Alltag und f\u00fcr Notf\u00e4lle<\/p>\n<ul>\n<li><a href=\"http:\/\/www.obersdorf.at\/feuerwehr\/brandschutztipps\/brandschutz-2\/\" title=\"Brandschutz\">Brandschutz: Vorbeugung und Abwehr<\/a><\/li>\n<li><a href=\"http:\/\/www.obersdorf.at\/feuerwehr\/brandschutztipps\/brandschutz\/\" title=\"Feuerl\u00f6scher\">Feuerl\u00f6scher: Eine erste L\u00f6schhilfe<\/a><\/li>\n<li><a href=\"http:\/\/www.obersdorf.at\/feuerwehr\/brandschutztipps\/feuerloescher\/\" title=\"Anwendung des Feuerl\u00f6schers\">Anwendung des Feuerl\u00f6schers<\/a><\/li>\n<li><a href=\"http:\/\/www.obersdorf.at\/feuerwehr\/brandschutztipps\/anwendung-von-feuerloescher\/\" title=\"Brandgefahren im Wohnbereich\">Brandgefahren im Wohnbereich<\/a><\/li>\n<li><a href=\"http:\/\/www.obersdorf.at\/feuerwehr\/brandschutztipps\/brandgefahr-in-der-landwirtschaft\/\" title=\"Brandgefahr in der Landwirtschaft\">Brandgefahren in der Landwirtschaft<\/a><\/li>\n<\/ul>\n","protected":false},"excerpt":{"rendered":"<p>Tipps im Alltag und f\u00fcr Notf\u00e4lle Brandschutz: Vorbeugung und Abwehr Feuerl\u00f6scher: Eine erste L\u00f6schhilfe Anwendung des Feuerl\u00f6schers Brandgefahren im Wohnbereich Brandgefahren in der Landwirtschaft<\/p>\n","protected":false},"author":11,"featured_media":0,"parent":0,"menu_order":4,"comment_status":"closed","ping_status":"closed","template":"","meta":{"ngg_post_thumbnail":0,"_mc_calendar":[],"footnotes":""},"class_list":["post-24","page","type-page","status-publish","hentry"],"_links":{"self":[{"href":"http:\/\/www.obersdorf.at\/feuerwehr\/wp-json\/wp\/v2\/pages\/24","targetHints":{"allow":["GET"]}}],"collection":[{"href":"http:\/\/www.obersdorf.at\/feuerwehr\/wp-json\/wp\/v2\/pages"}],"about":[{"href":"http:\/\/www.obersdorf.at\/feuerwehr\/wp-json\/wp\/v2\/types\/page"}],"author":[{"embeddable":true,"href":"http:\/\/www.obersdorf.at\/feuerwehr\/wp-json\/wp\/v2\/users\/11"}],"replies":[{"embeddable":true,"href":"http:\/\/www.obersdorf.at\/feuerwehr\/wp-json\/wp\/v2\/comments?post=24"}],"version-history":[{"count":1,"href":"http:\/\/www.obersdorf.at\/feuerwehr\/wp-json\/wp\/v2\/pages\/24\/revisions"}],"predecessor-version":[{"id":1089,"href":"http:\/\/www.obersdorf.at\/feuerwehr\/wp-json\/wp\/v2\/pages\/24\/revisions\/1089"}],"wp:attachment":[{"href":"http:\/\/www.obersdorf.at\/feuerwehr\/wp-json\/wp\/v2\/media?parent=24"}],"curies":[{"name":"wp","href":"https:\/\/api.w.org\/{rel}","templated":true}]}}